{"id":18,"date":"2026-04-17T20:27:15","date_gmt":"2026-04-17T13:27:15","guid":{"rendered":"https:\/\/mv66.pw\/?page_id=18"},"modified":"2026-04-17T21:22:23","modified_gmt":"2026-04-17T14:22:23","slug":"mv66-may-chu-mv66-com-khong-chan-tham-gia-nhan-66k","status":"publish","type":"page","link":"https:\/\/mv66.pw\/","title":{"rendered":"MV66 &#8211; M\u00e1y Ch\u1ee7 Kh\u00f4ng Ch\u1eb7n +66K &#8211; MV66.COM 2026"},"content":{"rendered":"<div class=\"slider-wrapper relative\" id=\"slider-1062650527\" >\n    <div class=\"slider slider-nav-circle slider-nav-large slider-nav-light slider-style-normal\"\n        data-flickity-options='{\n            \"cellAlign\": \"center\",\n            \"imagesLoaded\": true,\n            \"lazyLoad\": 1,\n            \"freeScroll\": false,\n            \"wrapAround\": true,\n            \"autoPlay\": 6000,\n            \"pauseAutoPlayOnHover\" : true,\n            \"prevNextButtons\": true,\n            \"contain\" : true,\n            \"adaptiveHeight\" : true,\n            \"dragThreshold\" : 10,\n            \"percentPosition\": true,\n            \"pageDots\": true,\n            \"rightToLeft\": false,\n            \"draggable\": true,\n            \"selectedAttraction\": 0.1,\n            \"parallax\" : 0,\n            \"friction\": 0.6        }'\n        >\n        \n\t<div class=\"img has-hover x md-x lg-x y md-y lg-y\" id=\"image_1360923666\">\n\t\t\t\t\t\t\t\t<div class=\"img-inner dark\" >\n\t\t\t<img loading=\"lazy\" decoding=\"async\" width=\"1900\" height=\"600\" src=\"https:\/\/mv66.pw\/wp-content\/uploads\/2026\/04\/mv66.pw-banner.webp\" class=\"attachment-original size-original\" alt=\"MV66\" srcset=\"https:\/\/mv66.pw\/wp-content\/uploads\/2026\/04\/mv66.pw-banner.webp 1900w, https:\/\/mv66.pw\/wp-content\/uploads\/2026\/04\/mv66.pw-banner-300x95.webp 300w, https:\/\/mv66.pw\/wp-content\/uploads\/2026\/04\/mv66.pw-banner-1024x323.webp 1024w, https:\/\/mv66.pw\/wp-content\/uploads\/2026\/04\/mv66.pw-banner-768x243.webp 768w, https:\/\/mv66.pw\/wp-content\/uploads\/2026\/04\/mv66.pw-banner-1536x485.webp 1536w\" sizes=\"auto, (max-width: 1900px) 100vw, 1900px\" \/>\t\t\t\t\t\t\n\t\t\t\t\t<\/div>\n\t\t\t\t\t\t\t\t\n<style>\n#image_1360923666 {\n  width: 100%;\n}\n<\/style>\n\t<\/div>\n\t\n     <\/div>\n\n     <div class=\"loading-spin dark large centered\"><\/div>\n\n\t<\/div>\n\n\n<div class=\"container section-title-container\" ><h1 class=\"section-title section-title-center\"><b><\/b><span class=\"section-title-main\" >MV66 - M\u00e1y Ch\u1ee7 Kh\u00f4ng Ch\u1eb7n +66K - MV66.COM 2026<\/span><b><\/b><\/h1><\/div>\n<div class=\"row\"  id=\"row-1976665365\">\n\n\t<div id=\"col-893297763\" class=\"col medium-3 small-6 large-3\"  >\n\t\t\t\t<div class=\"col-inner\"  >\n\t\t\t\n\t\t\t\n\t<div class=\"img has-hover x md-x lg-x y md-y lg-y\" id=\"image_1121457386\">\n\t\t\t\t\t\t\t\t<div class=\"img-inner dark\" >\n\t\t\t<img loading=\"lazy\" decoding=\"async\" width=\"300\" height=\"187\" src=\"https:\/\/mv66.pw\/wp-content\/uploads\/2026\/04\/thuong-hieu-uy-tin.png\" class=\"attachment-original size-original\" alt=\"th\u01b0\u01a1ng hi\u1ec7u uy t\u00edn mv66\" \/>\t\t\t\t\t\t\n\t\t\t\t\t<\/div>\n\t\t\t\t\t\t\t\t\n<style>\n#image_1121457386 {\n  width: 100%;\n}\n<\/style>\n\t<\/div>\n\t\n\t\t<\/div>\n\t\t\t\t\t<\/div>\n\n\t\n\n\t<div id=\"col-460266847\" class=\"col medium-3 small-6 large-3\"  >\n\t\t\t\t<div class=\"col-inner\"  >\n\t\t\t\n\t\t\t\n\t<div class=\"img has-hover x md-x lg-x y md-y lg-y\" id=\"image_2077623108\">\n\t\t\t\t\t\t\t\t<div class=\"img-inner dark\" >\n\t\t\t<img loading=\"lazy\" decoding=\"async\" width=\"300\" height=\"187\" src=\"https:\/\/mv66.pw\/wp-content\/uploads\/2026\/04\/da-dang-tro-choi.png\" class=\"attachment-original size-original\" alt=\"tr\u00f2 ch\u01a1i mv66\" \/>\t\t\t\t\t\t\n\t\t\t\t\t<\/div>\n\t\t\t\t\t\t\t\t\n<style>\n#image_2077623108 {\n  width: 100%;\n}\n<\/style>\n\t<\/div>\n\t\n\t\t<\/div>\n\t\t\t\t\t<\/div>\n\n\t\n\n\t<div id=\"col-1296594396\" class=\"col medium-3 small-6 large-3\"  >\n\t\t\t\t<div class=\"col-inner\"  >\n\t\t\t\n\t\t\t\n\t<div class=\"img has-hover x md-x lg-x y md-y lg-y\" id=\"image_861416196\">\n\t\t\t\t\t\t\t\t<div class=\"img-inner dark\" >\n\t\t\t<img loading=\"lazy\" decoding=\"async\" width=\"300\" height=\"187\" src=\"https:\/\/mv66.pw\/wp-content\/uploads\/2026\/04\/giao-dich-nhanh-chong.png\" class=\"attachment-original size-original\" alt=\"giao d\u1ecbch mv66\" \/>\t\t\t\t\t\t\n\t\t\t\t\t<\/div>\n\t\t\t\t\t\t\t\t\n<style>\n#image_861416196 {\n  width: 100%;\n}\n<\/style>\n\t<\/div>\n\t\n\t\t<\/div>\n\t\t\t\t\t<\/div>\n\n\t\n\n\t<div id=\"col-830985249\" class=\"col medium-3 small-6 large-3\"  >\n\t\t\t\t<div class=\"col-inner\"  >\n\t\t\t\n\t\t\t\n\t<div class=\"img has-hover x md-x lg-x y md-y lg-y\" id=\"image_1149139844\">\n\t\t\t\t\t\t\t\t<div class=\"img-inner dark\" >\n\t\t\t<img loading=\"lazy\" decoding=\"async\" width=\"300\" height=\"187\" src=\"https:\/\/mv66.pw\/wp-content\/uploads\/2026\/04\/an-toan-bao-mat.png\" class=\"attachment-original size-original\" alt=\"b\u1ea3o m\u1eadt mv66\" \/>\t\t\t\t\t\t\n\t\t\t\t\t<\/div>\n\t\t\t\t\t\t\t\t\n<style>\n#image_1149139844 {\n  width: 100%;\n}\n<\/style>\n\t<\/div>\n\t\n\t\t<\/div>\n\t\t\t\t\t<\/div>\n\n\t\n<\/div>\n<div class=\"row\"  id=\"row-1762050831\">\n\n\t<div id=\"col-868397328\" class=\"col small-12 large-12\"  >\n\t\t\t\t<div class=\"col-inner\"  >\n\t\t\t\n\t\t\t\n<p><span style=\"font-weight: 400;\"><a href=\"https:\/\/mv66.pw\/\"><strong>MV66<\/strong><\/a> l\u00e0 m\u1ed9t trong nh\u1eefng th\u01b0\u01a1ng hi\u1ec7u c\u00e1 c\u01b0\u1ee3c n\u1ed5i b\u1eadt t\u1ea1i ch\u00e2u \u00c1, n\u1eb1m trong nh\u00f3m c\u00e1c nh\u00e0 cung c\u1ea5p game casino h\u00e0ng \u0111\u1ea7u hi\u1ec7n nay. N\u1ec1n t\u1ea3ng n\u00e0y mang \u0111\u1ebfn cho ng\u01b0\u1eddi ch\u01a1i \u0111\u1ea7y \u0111\u1ee7 th\u00f4ng tin v\u1ec1 c\u00e1 c\u01b0\u1ee3c v\u00e0 tr\u00f2 ch\u01a1i tr\u1ef1c tuy\u1ebfn, \u0111\u1ed3ng th\u1eddi h\u1ed7 tr\u1ee3 k\u1ebft n\u1ed1i \u0111\u1ec3 n\u00e2ng cao c\u01a1 h\u1ed9i chi\u1ebfn th\u1eafng. <\/span><span style=\"font-weight: 400;\">Nh\u1edd kinh nghi\u1ec7m d\u00e0y d\u1eb7n c\u00f9ng s\u1ef1 nh\u1ea1y b\u00e9n v\u1edbi xu h\u01b0\u1edbng th\u1ecb tr\u01b0\u1eddng game \u0111\u1ed5i th\u01b0\u1edfng, MV66 \u0111\u01b0\u1ee3c k\u1ef3 v\u1ecdng s\u1ebd tr\u1edf th\u00e0nh l\u1ef1a ch\u1ecdn h\u1ea5p d\u1eabn \u0111\u1ed1i v\u1edbi \u0111\u00f4ng \u0111\u1ea3o ng\u01b0\u1eddi ch\u01a1i.<\/span><\/p>\n<div class=\"row\"  id=\"row-867350362\">\n\n\t<div id=\"col-396080600\" class=\"col medium-6 small-12 large-6\"  >\n\t\t\t\t<div class=\"col-inner\"  >\n\t\t\t\n\t\t\t\n<h2 style=\"text-align: center;\"><strong>Khuy\u1ebfn m\u00e3i MV66 s\u1ebd b\u00f9ng n\u1ed5 trong th\u00e1ng 5 t\u1edbi<\/strong><\/h2>\n<p style=\"text-align: center;\"><span style=\"font-weight: 400;\">Truy c\u1eadp nhanh \u2013 FPS \u1ed5n \u0111\u1ecbnh \u2013 H\u1ed7 tr\u1ee3 m\u1ecdi thi\u1ebft b\u1ecb Mobile &amp; PC<\/span><\/p>\n<p style=\"text-align: center;\"><span style=\"font-weight: 400;\"> Qu\u00fd kh\u00e1ch h\u00e3y s\u1eed d\u1ee5ng Google (<\/span><a href=\"https:\/\/www.google.com.vn\/\" target=\"_blank\" rel=\"nofollow noopener\"><span style=\"font-weight: 400;\">https:\/\/www.google.com.vn\/<\/span><\/a><span style=\"font-weight: 400;\">) \u0111\u1ec3 truy c\u1eadp MV66 ch\u00ednh th\u1ee9c &amp; an to\u00e0n:\u00a0<a href=\"https:\/\/mv66.pw\/\">https:\/\/mv66.pw\/<\/a> <\/span><span style=\"font-weight: 400;\">\u2013 b\u1ea3o m\u1eadt cao, c\u00e1 c\u01b0\u1ee3c m\u01b0\u1ee3t m\u00e0, \u0111\u01b0\u1ee3c c\u1ed9ng \u0111\u1ed3ng ng\u01b0\u1eddi ch\u01a1i tin t\u01b0\u1edfng.<\/span><\/p>\n\t\t<\/div>\n\t\t\t\t\t<\/div>\n\n\t\n\n\t<div id=\"col-437627842\" class=\"col medium-6 small-12 large-6\"  >\n\t\t\t\t<div class=\"col-inner\"  >\n\t\t\t\n\t\t\t\n\t<div class=\"img has-hover x md-x lg-x y md-y lg-y\" id=\"image_28673349\">\n\t\t\t\t\t\t\t\t<div class=\"img-inner dark\" >\n\t\t\t<img loading=\"lazy\" decoding=\"async\" width=\"800\" height=\"436\" src=\"https:\/\/mv66.pw\/wp-content\/uploads\/2026\/04\/App-MV66.png\" class=\"attachment-original size-original\" alt=\"mv66\" srcset=\"https:\/\/mv66.pw\/wp-content\/uploads\/2026\/04\/App-MV66.png 800w, https:\/\/mv66.pw\/wp-content\/uploads\/2026\/04\/App-MV66-300x164.png 300w, https:\/\/mv66.pw\/wp-content\/uploads\/2026\/04\/App-MV66-768x419.png 768w\" sizes=\"auto, (max-width: 800px) 100vw, 800px\" \/>\t\t\t\t\t\t\n\t\t\t\t\t<\/div>\n\t\t\t\t\t\t\t\t\n<style>\n#image_28673349 {\n  width: 100%;\n}\n<\/style>\n\t<\/div>\n\t\n\t\t<\/div>\n\t\t\t\t\t<\/div>\n\n\t\n<\/div>\n\t\t<\/div>\n\t\t\t\t\t<\/div>\n\n\t\n<\/div>\n","protected":false},"excerpt":{"rendered":"","protected":false},"author":1,"featured_media":0,"parent":0,"menu_order":0,"comment_status":"closed","ping_status":"closed","template":"","meta":{"footnotes":""},"class_list":["post-18","page","type-page","status-publish","hentry"],"_links":{"self":[{"href":"https:\/\/mv66.pw\/index.php?rest_route=\/wp\/v2\/pages\/18","targetHints":{"allow":["GET"]}}],"collection":[{"href":"https:\/\/mv66.pw\/index.php?rest_route=\/wp\/v2\/pages"}],"about":[{"href":"https:\/\/mv66.pw\/index.php?rest_route=\/wp\/v2\/types\/page"}],"author":[{"embeddable":true,"href":"https:\/\/mv66.pw\/index.php?rest_route=\/wp\/v2\/users\/1"}],"replies":[{"embeddable":true,"href":"https:\/\/mv66.pw\/index.php?rest_route=%2Fwp%2Fv2%2Fcomments&post=18"}],"version-history":[{"count":6,"href":"https:\/\/mv66.pw\/index.php?rest_route=\/wp\/v2\/pages\/18\/revisions"}],"predecessor-version":[{"id":38,"href":"https:\/\/mv66.pw\/index.php?rest_route=\/wp\/v2\/pages\/18\/revisions\/38"}],"wp:attachment":[{"href":"https:\/\/mv66.pw\/index.php?rest_route=%2Fwp%2Fv2%2Fmedia&parent=18"}],"curies":[{"name":"wp","href":"https:\/\/api.w.org\/{rel}","templated":true}]}}